{"id":9,"date":"2014-02-22T19:43:11","date_gmt":"2014-02-22T17:43:11","guid":{"rendered":"https:\/\/www.deitingen-nord.ch\/?page_id=9"},"modified":"2014-02-23T01:30:15","modified_gmt":"2014-02-22T23:30:15","slug":"kontakt","status":"publish","type":"page","link":"https:\/\/www.deitingen-nord.ch\/?page_id=9","title":{"rendered":"Kontakt"},"content":{"rendered":"<p style=\"text-align: justify;\">Besuchen Sie doch ab und zu an den Wochenenden (Fr\/Sa) zu sp\u00e4ter Stunde die Rastst\u00e4tte Deitingen-Nord. Vielleicht sind wir ja gerade zu Gast. Sie k\u00f6nnen sich gerne zu uns gesellen und \u00a0mit uns \u00fcber das Welt- oder Tagesgeschehen plaudern. Wir w\u00fcrden uns freuen!<\/p>\n","protected":false},"excerpt":{"rendered":"<p>Besuchen Sie doch ab und zu an den Wochenenden (Fr\/Sa) zu sp\u00e4ter Stunde die Rastst\u00e4tte Deitingen-Nord. Vielleicht sind wir ja gerade zu Gast. Sie k\u00f6nnen sich gerne zu uns gesellen und \u00a0mit uns \u00fcber das Welt- oder Tagesgeschehen plaudern. Wir w\u00fcrden uns freuen!<\/p>\n","protected":false},"author":2,"featured_media":0,"parent":0,"menu_order":0,"comment_status":"closed","ping_status":"closed","template":"","meta":{"footnotes":"","_links_to":"","_links_to_target":""},"class_list":["post-9","page","type-page","status-publish","hentry"],"_links":{"self":[{"href":"https:\/\/www.deitingen-nord.ch\/index.php?rest_route=\/wp\/v2\/pages\/9","targetHints":{"allow":["GET"]}}],"collection":[{"href":"https:\/\/www.deitingen-nord.ch\/index.php?rest_route=\/wp\/v2\/pages"}],"about":[{"href":"https:\/\/www.deitingen-nord.ch\/index.php?rest_route=\/wp\/v2\/types\/page"}],"author":[{"embeddable":true,"href":"https:\/\/www.deitingen-nord.ch\/index.php?rest_route=\/wp\/v2\/users\/2"}],"replies":[{"embeddable":true,"href":"https:\/\/www.deitingen-nord.ch\/index.php?rest_route=%2Fwp%2Fv2%2Fcomments&post=9"}],"version-history":[{"count":4,"href":"https:\/\/www.deitingen-nord.ch\/index.php?rest_route=\/wp\/v2\/pages\/9\/revisions"}],"predecessor-version":[{"id":136,"href":"https:\/\/www.deitingen-nord.ch\/index.php?rest_route=\/wp\/v2\/pages\/9\/revisions\/136"}],"wp:attachment":[{"href":"https:\/\/www.deitingen-nord.ch\/index.php?rest_route=%2Fwp%2Fv2%2Fmedia&parent=9"}],"curies":[{"name":"wp","href":"https:\/\/api.w.org\/{rel}","templated":true}]}}